{"id":1389,"date":"2025-04-23T09:32:45","date_gmt":"2025-04-23T13:32:45","guid":{"rendered":"https:\/\/dlambert.ca\/about\/testimonials\/"},"modified":"2025-04-23T10:15:32","modified_gmt":"2025-04-23T14:15:32","slug":"testimonials","status":"publish","type":"page","link":"https:\/\/dlambert.ca\/en\/about\/testimonials\/","title":{"rendered":"Testimonials"},"content":{"rendered":"\t\t<div data-elementor-type=\"wp-page\" data-elementor-id=\"1389\" class=\"elementor elementor-1389 elementor-1352\" data-elementor-post-type=\"page\">\n\t\t\t\t<div class=\"elementor-element elementor-element-1973a66c e-flex e-con-boxed e-con e-parent\" data-id=\"1973a66c\" data-element_type=\"container\">\n\t\t\t\t\t<div class=\"e-con-inner\">\n\t\t\t\t<div class=\"elementor-element elementor-element-1f1d404 elementor-testimonial--layout-image_stacked elementor-testimonial--skin-default elementor-testimonial--align-center elementor-arrows-yes elementor-pagination-type-bullets elementor-widget elementor-widget-testimonial-carousel\" data-id=\"1f1d404\" data-element_type=\"widget\" data-settings=\"{&quot;show_arrows&quot;:&quot;yes&quot;,&quot;pagination&quot;:&quot;bullets&quot;,&quot;speed&quot;:500,&quot;autoplay&quot;:&quot;yes&quot;,&quot;autoplay_speed&quot;:5000,&quot;loop&quot;:&quot;yes&quot;,&quot;pause_on_hover&quot;:&quot;yes&quot;,&quot;pause_on_interaction&quot;:&quot;yes&quot;,&quot;space_between&quot;:{&quot;unit&quot;:&quot;px&quot;,&quot;size&quot;:10,&quot;sizes&quot;:[]},&quot;space_between_tablet&quot;:{&quot;unit&quot;:&quot;px&quot;,&quot;size&quot;:10,&quot;sizes&quot;:[]},&quot;space_between_mobile_extra&quot;:{&quot;unit&quot;:&quot;px&quot;,&quot;size&quot;:10,&quot;sizes&quot;:[]},&quot;space_between_mobile&quot;:{&quot;unit&quot;:&quot;px&quot;,&quot;size&quot;:10,&quot;sizes&quot;:[]}}\" data-widget_type=\"testimonial-carousel.default\">\n\t\t\t\t<div class=\"elementor-widget-container\">\n\t\t\t\t\t\t\t\t\t<div class=\"elementor-swiper\">\n\t\t\t\t\t<div class=\"elementor-main-swiper swiper\" role=\"region\" aria-roledescription=\"carousel\" aria-label=\"Slides\">\n\t\t\t\t<div class=\"swiper-wrapper\">\n\t\t\t\t\t\t\t\t\t\t\t<div class=\"swiper-slide\" role=\"group\" aria-roledescription=\"slide\">\n\t\t\t\t\t\t\t\t\t<div class=\"elementor-testimonial\">\n\t\t\t\t\t\t\t<div class=\"elementor-testimonial__content\">\n\t\t\t\t\t<div class=\"elementor-testimonial__text\">\n\t\t\t\t\t\t<p>Finding a competent broker is already a challenge, but finding one who is a true gem, both professionally and humanely, is an exception. Daniel has a deep knowledge of the business. He doesn't just show people around, but takes the time to explain and break down each property according to his clients' specific interests\/needs. His personalized approach and concern for protecting his clients' rights make him a valuable ally. I have nothing but positive things to say, so I'll stop here and say a BIG THANK YOU Daniel for your excellent work (and your warm smile). I'll treasure your contact for the future, but especially for making lots of recommendations :))     <\/p>\n\t\t\t\t\t<\/div>\n\t\t\t\t\t\t\t\t\t<\/div>\n\t\t\t\t\t\t<div class=\"elementor-testimonial__footer\">\n\t\t\t\t\t\t\t\t<cite class=\"elementor-testimonial__cite\"><span class=\"elementor-testimonial__name\">Van Hoang<\/span><\/cite>\t\t\t<\/div>\n\t\t<\/div>\n\t\t\t\t\t\t\t\t<\/div>\n\t\t\t\t\t\t\t\t\t\t\t<div class=\"swiper-slide\" role=\"group\" aria-roledescription=\"slide\">\n\t\t\t\t\t\t\t\t\t<div class=\"elementor-testimonial\">\n\t\t\t\t\t\t\t<div class=\"elementor-testimonial__content\">\n\t\t\t\t\t<div class=\"elementor-testimonial__text\">\n\t\t\t\t\t\t<p>Buying a house isn't that simple, and even less so buying a bigeneration. But the advice, professionalism and availability of this agent and his partner were the key to realizing a project with our parents. Sensitive to the sale of one of the two houses, which had sentimental value, he was a more than perfect listener. He knew how to plan the coordination of the purchase and sale. Thanks again for everything    <\/p>\n\t\t\t\t\t<\/div>\n\t\t\t\t\t\t\t\t\t<\/div>\n\t\t\t\t\t\t<div class=\"elementor-testimonial__footer\">\n\t\t\t\t\t\t\t\t<cite class=\"elementor-testimonial__cite\"><span class=\"elementor-testimonial__name\">Christian Canciani<\/span><\/cite>\t\t\t<\/div>\n\t\t<\/div>\n\t\t\t\t\t\t\t\t<\/div>\n\t\t\t\t\t\t\t\t\t<\/div>\n\t\t\t\t\t\t\t\t\t\t\t\t\t\t\t<div class=\"elementor-swiper-button elementor-swiper-button-prev\" role=\"button\" tabindex=\"0\" aria-label=\"Previous\">\n\t\t\t\t\t\t\t<svg aria-hidden=\"true\" class=\"e-font-icon-svg e-eicon-chevron-left\" viewBox=\"0 0 1000 1000\" xmlns=\"http:\/\/www.w3.org\/2000\/svg\"><path d=\"M646 125C629 125 613 133 604 142L308 442C296 454 292 471 292 487 292 504 296 521 308 533L604 854C617 867 629 875 646 875 663 875 679 871 692 858 704 846 713 829 713 812 713 796 708 779 692 767L438 487 692 225C700 217 708 204 708 187 708 171 704 154 692 142 675 129 663 125 646 125Z\"><\/path><\/svg>\t\t\t\t\t\t<\/div>\n\t\t\t\t\t\t<div class=\"elementor-swiper-button elementor-swiper-button-next\" role=\"button\" tabindex=\"0\" aria-label=\"Next\">\n\t\t\t\t\t\t\t<svg aria-hidden=\"true\" class=\"e-font-icon-svg e-eicon-chevron-right\" viewBox=\"0 0 1000 1000\" xmlns=\"http:\/\/www.w3.org\/2000\/svg\"><path d=\"M696 533C708 521 713 504 713 487 713 471 708 454 696 446L400 146C388 133 375 125 354 125 338 125 325 129 313 142 300 154 292 171 292 187 292 204 296 221 308 233L563 492 304 771C292 783 288 800 288 817 288 833 296 850 308 863 321 871 338 875 354 875 371 875 388 867 400 854L696 533Z\"><\/path><\/svg>\t\t\t\t\t\t<\/div>\n\t\t\t\t\t\t\t\t\t\t\t\t\t\t\t\t<div class=\"swiper-pagination\"><\/div>\n\t\t\t\t\t\t\t\t\t\t\t\t<\/div>\n\t\t\t\t<\/div>\n\t\t\t\t\t\t\t\t<\/div>\n\t\t\t\t<\/div>\n\t\t\t\t<div class=\"elementor-element elementor-element-c3a1196 elementor-widget elementor-widget-html\" data-id=\"c3a1196\" data-element_type=\"widget\" data-widget_type=\"html.default\">\n\t\t\t\t<div class=\"elementor-widget-container\">\n\t\t\t\t\t<yo-greview display-type=\"grid\" max-items=\"50\"><\/yo-greview>\t\t\t\t<\/div>\n\t\t\t\t<\/div>\n\t\t\t\t\t<\/div>\n\t\t\t\t<\/div>\n\t\t\t\t<\/div>\n\t\t","protected":false},"excerpt":{"rendered":"<p>Finding a competent broker is already a challenge, but finding one who is a true gem, both professionally and humanely, is an exception. Daniel has a deep knowledge of the business. He doesn&#8217;t just show people around, but takes the time to explain and break down each property according to his clients&#8217; specific interests\/needs. His [&hellip;]<\/p>\n","protected":false},"author":21,"featured_media":0,"parent":1169,"menu_order":0,"comment_status":"closed","ping_status":"closed","template":"pages\/default.php","meta":{"footnotes":""},"class_list":["post-1389","page","type-page","status-publish","hentry"],"yoast_head":"<!-- This site is optimized with the Yoast SEO plugin v26.8 - https:\/\/yoast.com\/product\/yoast-seo-wordpress\/ -->\n<title>Testimonials - Daniel Lambert<\/title>\n<meta name=\"robots\" content=\"index, follow, max-snippet:-1, max-image-preview:large, max-video-preview:-1\" \/>\n<link rel=\"canonical\" href=\"https:\/\/dlambert.ca\/en\/about\/testimonials\/\" \/>\n<meta property=\"og:locale\" content=\"en_US\" \/>\n<meta property=\"og:type\" content=\"article\" \/>\n<meta property=\"og:title\" content=\"Testimonials - Daniel Lambert\" \/>\n<meta property=\"og:description\" content=\"Finding a competent broker is already a challenge, but finding one who is a true gem, both professionally and humanely, is an exception. Daniel has a deep knowledge of the business. He doesn&#8217;t just show people around, but takes the time to explain and break down each property according to his clients&#8217; specific interests\/needs. His [&hellip;]\" \/>\n<meta property=\"og:url\" content=\"https:\/\/dlambert.ca\/en\/about\/testimonials\/\" \/>\n<meta property=\"og:site_name\" content=\"Daniel Lambert\" \/>\n<meta property=\"article:modified_time\" content=\"2025-04-23T14:15:32+00:00\" \/>\n<meta name=\"twitter:card\" content=\"summary_large_image\" \/>\n<meta name=\"twitter:label1\" content=\"Est. reading time\" \/>\n\t<meta name=\"twitter:data1\" content=\"1 minute\" \/>\n<script type=\"application\/ld+json\" class=\"yoast-schema-graph\">{\"@context\":\"https:\/\/schema.org\",\"@graph\":[{\"@type\":\"WebPage\",\"@id\":\"https:\/\/dlambert.ca\/en\/about\/testimonials\/\",\"url\":\"https:\/\/dlambert.ca\/en\/about\/testimonials\/\",\"name\":\"Testimonials - Daniel Lambert\",\"isPartOf\":{\"@id\":\"https:\/\/dlambert.ca\/en\/#website\"},\"datePublished\":\"2025-04-23T13:32:45+00:00\",\"dateModified\":\"2025-04-23T14:15:32+00:00\",\"breadcrumb\":{\"@id\":\"https:\/\/dlambert.ca\/en\/about\/testimonials\/#breadcrumb\"},\"inLanguage\":\"en-US\",\"potentialAction\":[{\"@type\":\"ReadAction\",\"target\":[\"https:\/\/dlambert.ca\/en\/about\/testimonials\/\"]}]},{\"@type\":\"BreadcrumbList\",\"@id\":\"https:\/\/dlambert.ca\/en\/about\/testimonials\/#breadcrumb\",\"itemListElement\":[{\"@type\":\"ListItem\",\"position\":1,\"name\":\"Accueil\",\"item\":\"https:\/\/dlambert.ca\/en\/\"},{\"@type\":\"ListItem\",\"position\":2,\"name\":\"About\",\"item\":\"https:\/\/dlambert.ca\/en\/about\/\"},{\"@type\":\"ListItem\",\"position\":3,\"name\":\"Testimonials\"}]},{\"@type\":\"WebSite\",\"@id\":\"https:\/\/dlambert.ca\/en\/#website\",\"url\":\"https:\/\/dlambert.ca\/en\/\",\"name\":\"Daniel Lambert\",\"description\":\"Courtier immobilier agr\u00e9\u00e9 DA Commercial et r\u00e9sidentiel\",\"publisher\":{\"@id\":\"https:\/\/dlambert.ca\/en\/#organization\"},\"potentialAction\":[{\"@type\":\"SearchAction\",\"target\":{\"@type\":\"EntryPoint\",\"urlTemplate\":\"https:\/\/dlambert.ca\/en\/?s={search_term_string}\"},\"query-input\":{\"@type\":\"PropertyValueSpecification\",\"valueRequired\":true,\"valueName\":\"search_term_string\"}}],\"inLanguage\":\"en-US\"},{\"@type\":\"Organization\",\"@id\":\"https:\/\/dlambert.ca\/en\/#organization\",\"name\":\"Daniel Lambert\",\"url\":\"https:\/\/dlambert.ca\/en\/\",\"logo\":{\"@type\":\"ImageObject\",\"inLanguage\":\"en-US\",\"@id\":\"https:\/\/dlambert.ca\/en\/#\/schema\/logo\/image\/\",\"url\":\"https:\/\/dlambert.ca\/wp-content\/uploads\/sites\/98\/2025\/01\/Canada-Quebec-White.svg\",\"contentUrl\":\"https:\/\/dlambert.ca\/wp-content\/uploads\/sites\/98\/2025\/01\/Canada-Quebec-White.svg\",\"width\":292,\"height\":186,\"caption\":\"Daniel Lambert\"},\"image\":{\"@id\":\"https:\/\/dlambert.ca\/en\/#\/schema\/logo\/image\/\"}}]}<\/script>\n<!-- \/ Yoast SEO plugin. -->","yoast_head_json":{"title":"Testimonials - Daniel Lambert","robots":{"index":"index","follow":"follow","max-snippet":"max-snippet:-1","max-image-preview":"max-image-preview:large","max-video-preview":"max-video-preview:-1"},"canonical":"https:\/\/dlambert.ca\/en\/about\/testimonials\/","og_locale":"en_US","og_type":"article","og_title":"Testimonials - Daniel Lambert","og_description":"Finding a competent broker is already a challenge, but finding one who is a true gem, both professionally and humanely, is an exception. Daniel has a deep knowledge of the business. He doesn&#8217;t just show people around, but takes the time to explain and break down each property according to his clients&#8217; specific interests\/needs. His [&hellip;]","og_url":"https:\/\/dlambert.ca\/en\/about\/testimonials\/","og_site_name":"Daniel Lambert","article_modified_time":"2025-04-23T14:15:32+00:00","twitter_card":"summary_large_image","twitter_misc":{"Est. reading time":"1 minute"},"schema":{"@context":"https:\/\/schema.org","@graph":[{"@type":"WebPage","@id":"https:\/\/dlambert.ca\/en\/about\/testimonials\/","url":"https:\/\/dlambert.ca\/en\/about\/testimonials\/","name":"Testimonials - Daniel Lambert","isPartOf":{"@id":"https:\/\/dlambert.ca\/en\/#website"},"datePublished":"2025-04-23T13:32:45+00:00","dateModified":"2025-04-23T14:15:32+00:00","breadcrumb":{"@id":"https:\/\/dlambert.ca\/en\/about\/testimonials\/#breadcrumb"},"inLanguage":"en-US","potentialAction":[{"@type":"ReadAction","target":["https:\/\/dlambert.ca\/en\/about\/testimonials\/"]}]},{"@type":"BreadcrumbList","@id":"https:\/\/dlambert.ca\/en\/about\/testimonials\/#breadcrumb","itemListElement":[{"@type":"ListItem","position":1,"name":"Accueil","item":"https:\/\/dlambert.ca\/en\/"},{"@type":"ListItem","position":2,"name":"About","item":"https:\/\/dlambert.ca\/en\/about\/"},{"@type":"ListItem","position":3,"name":"Testimonials"}]},{"@type":"WebSite","@id":"https:\/\/dlambert.ca\/en\/#website","url":"https:\/\/dlambert.ca\/en\/","name":"Daniel Lambert","description":"Courtier immobilier agr\u00e9\u00e9 DA Commercial et r\u00e9sidentiel","publisher":{"@id":"https:\/\/dlambert.ca\/en\/#organization"},"potentialAction":[{"@type":"SearchAction","target":{"@type":"EntryPoint","urlTemplate":"https:\/\/dlambert.ca\/en\/?s={search_term_string}"},"query-input":{"@type":"PropertyValueSpecification","valueRequired":true,"valueName":"search_term_string"}}],"inLanguage":"en-US"},{"@type":"Organization","@id":"https:\/\/dlambert.ca\/en\/#organization","name":"Daniel Lambert","url":"https:\/\/dlambert.ca\/en\/","logo":{"@type":"ImageObject","inLanguage":"en-US","@id":"https:\/\/dlambert.ca\/en\/#\/schema\/logo\/image\/","url":"https:\/\/dlambert.ca\/wp-content\/uploads\/sites\/98\/2025\/01\/Canada-Quebec-White.svg","contentUrl":"https:\/\/dlambert.ca\/wp-content\/uploads\/sites\/98\/2025\/01\/Canada-Quebec-White.svg","width":292,"height":186,"caption":"Daniel Lambert"},"image":{"@id":"https:\/\/dlambert.ca\/en\/#\/schema\/logo\/image\/"}}]}},"_links":{"self":[{"href":"https:\/\/dlambert.ca\/en\/wp-json\/wp\/v2\/pages\/1389","targetHints":{"allow":["GET"]}}],"collection":[{"href":"https:\/\/dlambert.ca\/en\/wp-json\/wp\/v2\/pages"}],"about":[{"href":"https:\/\/dlambert.ca\/en\/wp-json\/wp\/v2\/types\/page"}],"author":[{"embeddable":true,"href":"https:\/\/dlambert.ca\/en\/wp-json\/wp\/v2\/users\/21"}],"replies":[{"embeddable":true,"href":"https:\/\/dlambert.ca\/en\/wp-json\/wp\/v2\/comments?post=1389"}],"version-history":[{"count":1,"href":"https:\/\/dlambert.ca\/en\/wp-json\/wp\/v2\/pages\/1389\/revisions"}],"predecessor-version":[{"id":1392,"href":"https:\/\/dlambert.ca\/en\/wp-json\/wp\/v2\/pages\/1389\/revisions\/1392"}],"up":[{"embeddable":true,"href":"https:\/\/dlambert.ca\/en\/wp-json\/wp\/v2\/pages\/1169"}],"wp:attachment":[{"href":"https:\/\/dlambert.ca\/en\/wp-json\/wp\/v2\/media?parent=1389"}],"curies":[{"name":"wp","href":"https:\/\/api.w.org\/{rel}","templated":true}]}}