{"id":677,"date":"2024-12-13T16:41:55","date_gmt":"2024-12-13T21:41:55","guid":{"rendered":"https:\/\/lb.aliquando.net\/property-details\/"},"modified":"2025-01-21T11:13:00","modified_gmt":"2025-01-21T16:13:00","slug":"property-details","status":"publish","type":"page","link":"https:\/\/dlambert.ca\/en\/our-listings\/property-details\/","title":{"rendered":"Property &#8211; Details"},"content":{"rendered":"\n\n\n\n<p><\/p>\n","protected":false},"excerpt":{"rendered":"","protected":false},"author":11,"featured_media":0,"parent":679,"menu_order":0,"comment_status":"closed","ping_status":"closed","template":"","meta":{"footnotes":""},"class_list":["post-677","page","type-page","status-publish","hentry"],"yoast_head":"<!-- This site is optimized with the Yoast SEO plugin v26.8 - https:\/\/yoast.com\/product\/yoast-seo-wordpress\/ -->\n<title>Property - Details - Daniel Lambert<\/title>\n<meta name=\"robots\" content=\"index, follow, max-snippet:-1, max-image-preview:large, max-video-preview:-1\" \/>\n<link rel=\"canonical\" href=\"https:\/\/dlambert.ca\/en\/our-listings\/property-details\/\" \/>\n<meta property=\"og:locale\" content=\"en_US\" \/>\n<meta property=\"og:type\" content=\"article\" \/>\n<meta property=\"og:title\" content=\"Property - Details - Daniel Lambert\" \/>\n<meta property=\"og:url\" content=\"https:\/\/dlambert.ca\/en\/our-listings\/property-details\/\" \/>\n<meta property=\"og:site_name\" content=\"Daniel Lambert\" \/>\n<meta property=\"article:modified_time\" content=\"2025-01-21T16:13:00+00:00\" \/>\n<meta name=\"twitter:card\" content=\"summary_large_image\" \/>\n<script type=\"application\/ld+json\" class=\"yoast-schema-graph\">{\"@context\":\"https:\/\/schema.org\",\"@graph\":[{\"@type\":\"WebPage\",\"@id\":\"https:\/\/dlambert.ca\/en\/our-listings\/property-details\/\",\"url\":\"https:\/\/dlambert.ca\/en\/our-listings\/property-details\/\",\"name\":\"Property - Details - Daniel Lambert\",\"isPartOf\":{\"@id\":\"https:\/\/dlambert.ca\/en\/#website\"},\"datePublished\":\"2024-12-13T21:41:55+00:00\",\"dateModified\":\"2025-01-21T16:13:00+00:00\",\"breadcrumb\":{\"@id\":\"https:\/\/dlambert.ca\/en\/our-listings\/property-details\/#breadcrumb\"},\"inLanguage\":\"en-US\",\"potentialAction\":[{\"@type\":\"ReadAction\",\"target\":[\"https:\/\/dlambert.ca\/en\/our-listings\/property-details\/\"]}]},{\"@type\":\"BreadcrumbList\",\"@id\":\"https:\/\/dlambert.ca\/en\/our-listings\/property-details\/#breadcrumb\",\"itemListElement\":[{\"@type\":\"ListItem\",\"position\":1,\"name\":\"Accueil\",\"item\":\"https:\/\/dlambert.ca\/en\/\"},{\"@type\":\"ListItem\",\"position\":2,\"name\":\"Our listings\",\"item\":\"https:\/\/dlambert.ca\/en\/our-listings\/\"}]},{\"@type\":\"WebSite\",\"@id\":\"https:\/\/dlambert.ca\/en\/#website\",\"url\":\"https:\/\/dlambert.ca\/en\/\",\"name\":\"Daniel Lambert\",\"description\":\"Courtier immobilier agr\u00e9\u00e9 DA Commercial et r\u00e9sidentiel\",\"publisher\":{\"@id\":\"https:\/\/dlambert.ca\/en\/#organization\"},\"potentialAction\":[{\"@type\":\"SearchAction\",\"target\":{\"@type\":\"EntryPoint\",\"urlTemplate\":\"https:\/\/dlambert.ca\/en\/?s={search_term_string}\"},\"query-input\":{\"@type\":\"PropertyValueSpecification\",\"valueRequired\":true,\"valueName\":\"search_term_string\"}}],\"inLanguage\":\"en-US\"},{\"@type\":\"Organization\",\"@id\":\"https:\/\/dlambert.ca\/en\/#organization\",\"name\":\"Daniel Lambert\",\"url\":\"https:\/\/dlambert.ca\/en\/\",\"logo\":{\"@type\":\"ImageObject\",\"inLanguage\":\"en-US\",\"@id\":\"https:\/\/dlambert.ca\/en\/#\/schema\/logo\/image\/\",\"url\":\"https:\/\/dlambert.ca\/wp-content\/uploads\/sites\/98\/2025\/01\/Canada-Quebec-White.svg\",\"contentUrl\":\"https:\/\/dlambert.ca\/wp-content\/uploads\/sites\/98\/2025\/01\/Canada-Quebec-White.svg\",\"width\":292,\"height\":186,\"caption\":\"Daniel Lambert\"},\"image\":{\"@id\":\"https:\/\/dlambert.ca\/en\/#\/schema\/logo\/image\/\"}}]}<\/script>\n<!-- \/ Yoast SEO plugin. -->","yoast_head_json":{"title":"Property - Details - Daniel Lambert","robots":{"index":"index","follow":"follow","max-snippet":"max-snippet:-1","max-image-preview":"max-image-preview:large","max-video-preview":"max-video-preview:-1"},"canonical":"https:\/\/dlambert.ca\/en\/our-listings\/property-details\/","og_locale":"en_US","og_type":"article","og_title":"Property - Details - Daniel Lambert","og_url":"https:\/\/dlambert.ca\/en\/our-listings\/property-details\/","og_site_name":"Daniel Lambert","article_modified_time":"2025-01-21T16:13:00+00:00","twitter_card":"summary_large_image","schema":{"@context":"https:\/\/schema.org","@graph":[{"@type":"WebPage","@id":"https:\/\/dlambert.ca\/en\/our-listings\/property-details\/","url":"https:\/\/dlambert.ca\/en\/our-listings\/property-details\/","name":"Property - Details - Daniel Lambert","isPartOf":{"@id":"https:\/\/dlambert.ca\/en\/#website"},"datePublished":"2024-12-13T21:41:55+00:00","dateModified":"2025-01-21T16:13:00+00:00","breadcrumb":{"@id":"https:\/\/dlambert.ca\/en\/our-listings\/property-details\/#breadcrumb"},"inLanguage":"en-US","potentialAction":[{"@type":"ReadAction","target":["https:\/\/dlambert.ca\/en\/our-listings\/property-details\/"]}]},{"@type":"BreadcrumbList","@id":"https:\/\/dlambert.ca\/en\/our-listings\/property-details\/#breadcrumb","itemListElement":[{"@type":"ListItem","position":1,"name":"Accueil","item":"https:\/\/dlambert.ca\/en\/"},{"@type":"ListItem","position":2,"name":"Our listings","item":"https:\/\/dlambert.ca\/en\/our-listings\/"}]},{"@type":"WebSite","@id":"https:\/\/dlambert.ca\/en\/#website","url":"https:\/\/dlambert.ca\/en\/","name":"Daniel Lambert","description":"Courtier immobilier agr\u00e9\u00e9 DA Commercial et r\u00e9sidentiel","publisher":{"@id":"https:\/\/dlambert.ca\/en\/#organization"},"potentialAction":[{"@type":"SearchAction","target":{"@type":"EntryPoint","urlTemplate":"https:\/\/dlambert.ca\/en\/?s={search_term_string}"},"query-input":{"@type":"PropertyValueSpecification","valueRequired":true,"valueName":"search_term_string"}}],"inLanguage":"en-US"},{"@type":"Organization","@id":"https:\/\/dlambert.ca\/en\/#organization","name":"Daniel Lambert","url":"https:\/\/dlambert.ca\/en\/","logo":{"@type":"ImageObject","inLanguage":"en-US","@id":"https:\/\/dlambert.ca\/en\/#\/schema\/logo\/image\/","url":"https:\/\/dlambert.ca\/wp-content\/uploads\/sites\/98\/2025\/01\/Canada-Quebec-White.svg","contentUrl":"https:\/\/dlambert.ca\/wp-content\/uploads\/sites\/98\/2025\/01\/Canada-Quebec-White.svg","width":292,"height":186,"caption":"Daniel Lambert"},"image":{"@id":"https:\/\/dlambert.ca\/en\/#\/schema\/logo\/image\/"}}]}},"_links":{"self":[{"href":"https:\/\/dlambert.ca\/en\/wp-json\/wp\/v2\/pages\/677","targetHints":{"allow":["GET"]}}],"collection":[{"href":"https:\/\/dlambert.ca\/en\/wp-json\/wp\/v2\/pages"}],"about":[{"href":"https:\/\/dlambert.ca\/en\/wp-json\/wp\/v2\/types\/page"}],"author":[{"embeddable":true,"href":"https:\/\/dlambert.ca\/en\/wp-json\/wp\/v2\/users\/11"}],"replies":[{"embeddable":true,"href":"https:\/\/dlambert.ca\/en\/wp-json\/wp\/v2\/comments?post=677"}],"version-history":[{"count":0,"href":"https:\/\/dlambert.ca\/en\/wp-json\/wp\/v2\/pages\/677\/revisions"}],"up":[{"embeddable":true,"href":"https:\/\/dlambert.ca\/en\/wp-json\/wp\/v2\/pages\/679"}],"wp:attachment":[{"href":"https:\/\/dlambert.ca\/en\/wp-json\/wp\/v2\/media?parent=677"}],"curies":[{"name":"wp","href":"https:\/\/api.w.org\/{rel}","templated":true}]}}